{"id":2,"date":"2024-10-04T12:06:53","date_gmt":"2024-10-04T12:06:53","guid":{"rendered":"https:\/\/fmgradnja.hr\/?page_id=2"},"modified":"2024-10-04T13:34:47","modified_gmt":"2024-10-04T13:34:47","slug":"home","status":"publish","type":"page","link":"https:\/\/fmgradnja.hr\/index.php\/home\/","title":{"rendered":""},"content":{"rendered":"<img fetchpriority=\"high\" decoding=\"async\" width=\"652\" height=\"331\" src=\"https:\/\/fmgradnja.hr\/wp-content\/uploads\/2024\/10\/logo-FM.jpg\" alt=\"\" srcset=\"https:\/\/fmgradnja.hr\/wp-content\/uploads\/2024\/10\/logo-FM.jpg 652w, https:\/\/fmgradnja.hr\/wp-content\/uploads\/2024\/10\/logo-FM-300x152.jpg 300w\" sizes=\"(max-width: 652px) 100vw, 652px\" \/>\n\n\n<p><\/p>\n\n\n\n<p><\/p>\n\n\n\n<p> <strong>Odr\u017eavamo trgovine po cijeloj Hrvatskoj<\/strong>&nbsp;.&nbsp;Od radova redovnog odr\u017eavanja ili radova investicijskog odr\u017eavanja izvodimo manje popravke i radove na objektu ili u prostorima koji se nalaze u objektu, kao \u0161to su farbanje, popravak vrata, prozora, zamjena poda, do velikih gra\u0111evinsko instalacijskih i obrtni\u010dkih radova i pobolj\u0161anja koja slijede tehnike napretka. Nudimo i periodi\u010dne preglede: redoviti godi\u0161nji servis klima ure\u0111aja, elektro mjerenja, pregledi vatrogasnih aparata, ispitivanje i pregled hidrantske mre\u017ee, pregled vatrodojavnika, pregled sigurnosne rasvjete i izdavanje zapisnika o pregledu.<\/p>\n\n\n<p>+385 (0)91 6022193<\/p>\n<p>fmdoo.hr2020@gmail.com<\/p>","protected":false},"excerpt":{"rendered":"<p>Odr\u017eavamo trgovine po cijeloj Hrvatskoj&nbsp;.&nbsp;Od radova redovnog odr\u017eavanja ili radova investicijskog odr\u017eavanja izvodimo manje popravke i radove na objektu ili u prostorima koji se nalaze u objektu, kao \u0161to su farbanje, popravak vrata, prozora, zamjena poda, do velikih gra\u0111evinsko instalacijskih i obrtni\u010dkih radova i pobolj\u0161anja koja slijede tehnike napretka. Nudimo i periodi\u010dne preglede: redoviti godi\u0161nji [&hellip;]<\/p>\n","protected":false},"author":1,"featured_media":0,"parent":0,"menu_order":0,"comment_status":"closed","ping_status":"closed","template":"elementor_theme","meta":{"footnotes":""},"class_list":["post-2","page","type-page","status-publish","hentry"],"_links":{"self":[{"href":"https:\/\/fmgradnja.hr\/index.php\/wp-json\/wp\/v2\/pages\/2","targetHints":{"allow":["GET"]}}],"collection":[{"href":"https:\/\/fmgradnja.hr\/index.php\/wp-json\/wp\/v2\/pages"}],"about":[{"href":"https:\/\/fmgradnja.hr\/index.php\/wp-json\/wp\/v2\/types\/page"}],"author":[{"embeddable":true,"href":"https:\/\/fmgradnja.hr\/index.php\/wp-json\/wp\/v2\/users\/1"}],"replies":[{"embeddable":true,"href":"https:\/\/fmgradnja.hr\/index.php\/wp-json\/wp\/v2\/comments?post=2"}],"version-history":[{"count":10,"href":"https:\/\/fmgradnja.hr\/index.php\/wp-json\/wp\/v2\/pages\/2\/revisions"}],"predecessor-version":[{"id":32,"href":"https:\/\/fmgradnja.hr\/index.php\/wp-json\/wp\/v2\/pages\/2\/revisions\/32"}],"wp:attachment":[{"href":"https:\/\/fmgradnja.hr\/index.php\/wp-json\/wp\/v2\/media?parent=2"}],"curies":[{"name":"wp","href":"https:\/\/api.w.org\/{rel}","templated":true}]}}